{"id":4387,"date":"2021-08-16T08:38:30","date_gmt":"2021-08-16T08:38:30","guid":{"rendered":"https:\/\/amomont.si\/stellenangebote\/"},"modified":"2021-08-24T10:02:29","modified_gmt":"2021-08-24T10:02:29","slug":"stellenangebote","status":"publish","type":"page","link":"https:\/\/amomont.si\/de\/stellenangebote\/","title":{"rendered":"Jobsuch"},"content":{"rendered":"<p><div class=\"fusion-fullwidth fullwidth-box fusion-builder-row-1 fusion-flex-container nonhundred-percent-fullwidth non-hundred-percent-height-scrolling\" style=\"--awb-border-radius-top-left:0px;--awb-border-radius-top-right:0px;--awb-border-radius-bottom-right:0px;--awb-border-radius-bottom-left:0px;--awb-padding-top:0%;--awb-padding-right:1%;--awb-padding-bottom:0%;--awb-padding-left:0%;--awb-flex-wrap:wrap;\" ><div class=\"fusion-builder-row fusion-row fusion-flex-align-items-flex-start fusion-flex-justify-content-center fusion-flex-content-wrap\" style=\"max-width:1378;margin-left: calc(-4% \/ 2 );margin-right: calc(-4% \/ 2 );\"><div class=\"fusion-layout-column fusion_builder_column fusion-builder-column-0 fusion_builder_column_4_5 4_5 fusion-flex-column\" style=\"--awb-padding-top:50px;--awb-padding-right-small:35px;--awb-padding-left-small:35px;--awb-bg-size:cover;--awb-width-large:80%;--awb-margin-top-large:0px;--awb-spacing-right-large:0%;--awb-margin-bottom-large:20px;--awb-spacing-left-large:6%;--awb-width-medium:100%;--awb-order-medium:0;--awb-spacing-right-medium:1.92%;--awb-spacing-left-medium:1.92%;--awb-width-small:100%;--awb-order-small:0;--awb-spacing-right-small:1.92%;--awb-spacing-left-small:1.92%;\"><div class=\"fusion-column-wrapper fusion-column-has-shadow fusion-flex-justify-content-flex-start fusion-content-layout-column\"><div class=\"fusion-title title fusion-title-1 fusion-sep-none fusion-title-text fusion-title-size-two\" style=\"--awb-text-color:#d49c18;--awb-font-size:65px;\"><h2 class=\"fusion-title-heading title-heading-left fusion-responsive-typography-calculated\" style=\"margin:0;font-size:1em;--fontSize:65;line-height:1.28;\">WOLLTEN SIE SCHON IMMER IM AUSLAND ARBEITEN?<\/h2><\/div><div class=\"fusion-text fusion-text-1\" style=\"--awb-margin-right:3vw;\"><p style=\"text-align: justify;\">Wenn Sie auf der Suche nach einem neuen Job sind, sind wir die richtige Adresse f\u00fcr Sie. Eine Besch\u00e4ftigung im Ausland ist eine Chance auf ein besseres Einkommen, da diese Art von Arbeit im Ausland besser bezahlt wird als im Inland. Obwohl die Arbeiten auf Projektbasis durchgef\u00fchrt werden, haben wir uns in Slowenien, \u00d6sterreich und Deutschland auf diesem Gebiet einen hervorragenden Ruf erarbeitet, so dass uns die Arbeit praktisch nie ausgeht.<\/p>\n<\/div><div class=\"fusion-text fusion-text-2\" style=\"--awb-margin-right:3vw;\"><p style=\"text-align: justify;\">Bei uns bekommen Sie eine Vollzeitstelle in einem stabilen slowenischen Unternehmen, Krankenversicherung und Bezahlung nach Tarifvertr\u00e4gen f\u00fcr Bau und Elektrot\u00e4tigkeiten. Die Transportkosten zu den Standorten und Unterk\u00fcnfte werden von unserem Unternehmen getragen.<\/p>\n<\/div><\/div><\/div><\/div><\/div><div class=\"fusion-fullwidth fullwidth-box fusion-builder-row-2 fusion-flex-container nonhundred-percent-fullwidth non-hundred-percent-height-scrolling\" style=\"--awb-border-radius-top-left:0px;--awb-border-radius-top-right:0px;--awb-border-radius-bottom-right:0px;--awb-border-radius-bottom-left:0px;--awb-padding-top:62px;--awb-padding-bottom:62px;--awb-margin-top:0px;--awb-margin-bottom:0px;--awb-background-color:#000000;--awb-flex-wrap:wrap;\" ><div class=\"fusion-builder-row fusion-row fusion-flex-align-items-center fusion-flex-justify-content-center fusion-flex-content-wrap\" style=\"max-width:1378;margin-left: calc(-4% \/ 2 );margin-right: calc(-4% \/ 2 );\"><div class=\"fusion-layout-column fusion_builder_column fusion-builder-column-1 fusion_builder_column_1_1 1_1 fusion-flex-column fusion-flex-align-self-center\" style=\"--awb-bg-size:cover;--awb-width-large:100%;--awb-margin-top-large:0px;--awb-spacing-right-large:1.92%;--awb-margin-bottom-large:0px;--awb-spacing-left-large:1.92%;--awb-width-medium:100%;--awb-order-medium:0;--awb-spacing-right-medium:1.92%;--awb-spacing-left-medium:1.92%;--awb-width-small:100%;--awb-order-small:0;--awb-spacing-right-small:1.92%;--awb-spacing-left-small:1.92%;\"><div class=\"fusion-column-wrapper fusion-column-has-shadow fusion-flex-justify-content-center fusion-content-layout-column\"><div class=\"fusion-title title fusion-title-2 fusion-sep-none fusion-title-center fusion-title-text fusion-title-size-two\" style=\"--awb-text-color:#d49c18;--awb-margin-bottom:0px;--awb-font-size:65px;\"><h2 class=\"fusion-title-heading title-heading-center fusion-responsive-typography-calculated\" style=\"margin:0;font-size:1em;--fontSize:65;line-height:1.28;\">VON IHNEN ERWARTETE KENNTNISSE UND ERFAHRUNG<\/h2><\/div><\/div><\/div><\/div><\/div><div class=\"fusion-fullwidth fullwidth-box fusion-builder-row-3 fusion-flex-container fusion-parallax-fixed nonhundred-percent-fullwidth non-hundred-percent-height-scrolling\" style=\"--awb-background-position:center top;--awb-border-radius-top-left:0px;--awb-border-radius-top-right:0px;--awb-border-radius-bottom-right:0px;--awb-border-radius-bottom-left:0px;--awb-padding-top:0%;--awb-padding-right:3%;--awb-padding-bottom:0%;--awb-padding-left:0%;--awb-padding-top-small:60px;--awb-padding-bottom-small:60px;--awb-background-color:#060607;--awb-background-image:linear-gradient(270deg, #060607 0%,rgba(6,6,7,0) 100%),url(https:\/\/amomont.si\/wp-content\/uploads\/2021\/07\/Amomont_delovna_mesta_v_tujini_05.jpg);;--awb-background-size:cover;--awb-flex-wrap:wrap;--awb-filter:saturate(100%) brightness(100%);--awb-filter-transition:filter 0.3s ease;--awb-filter-hover:saturate(120%) brightness(110%);background-attachment:fixed;\" ><div class=\"fusion-builder-row fusion-row fusion-flex-align-items-flex-start fusion-flex-justify-content-space-between fusion-flex-content-wrap\" style=\"max-width:calc( 1325 + 0px );margin-left: calc(-0px \/ 2 );margin-right: calc(-0px \/ 2 );\"><div class=\"fusion-layout-column fusion_builder_column fusion-builder-column-2 fusion_builder_column_1_2 1_2 fusion-flex-column fusion-no-small-visibility\" style=\"--awb-bg-size:cover;--awb-width-large:50%;--awb-margin-top-large:0px;--awb-spacing-right-large:0px;--awb-margin-bottom-large:20px;--awb-spacing-left-large:calc( 0 * calc( 100% - 0px ) );--awb-width-medium:100%;--awb-spacing-right-medium:0px;--awb-spacing-left-medium:0px;--awb-width-small:100%;--awb-spacing-right-small:0px;--awb-spacing-left-small:0px;\"><div class=\"fusion-column-wrapper fusion-column-has-shadow fusion-flex-justify-content-flex-start fusion-content-layout-column\"><div class=\"fusion-separator fusion-full-width-sep\" style=\"align-self: center;margin-left: auto;margin-right: auto;width:100%;\"><\/div><\/div><\/div><div class=\"fusion-layout-column fusion_builder_column fusion-builder-column-3 fusion_builder_column_1_2 1_2 fusion-flex-column\" style=\"--awb-padding-top:5%;--awb-padding-right:5%;--awb-padding-bottom:5%;--awb-padding-left:5%;--awb-bg-size:cover;--awb-width-large:50%;--awb-margin-top-large:0px;--awb-spacing-right-large:0px;--awb-margin-bottom-large:0px;--awb-spacing-left-large:0px;--awb-width-medium:100%;--awb-order-medium:0;--awb-spacing-right-medium:0px;--awb-spacing-left-medium:0px;--awb-width-small:100%;--awb-order-small:0;--awb-spacing-right-small:0px;--awb-spacing-left-small:0px;\"><div class=\"fusion-column-wrapper fusion-column-has-shadow fusion-flex-justify-content-flex-start fusion-content-layout-column\"><div class=\"fusion-title title fusion-title-3 fusion-sep-none fusion-title-text fusion-title-size-two\" style=\"--awb-text-color:#ffffff;--awb-margin-top:10vh;--awb-font-size:58px;\"><h2 class=\"fusion-title-heading title-heading-left fusion-responsive-typography-calculated\" style=\"margin:0;font-size:1em;--fontSize:58;line-height:1.28;\">Arbeit im Bau<\/h2><\/div><div class=\"fusion-text fusion-text-3 fusion-text-no-margin\" style=\"--awb-margin-top:0%;--awb-margin-bottom:5%;\"><p style=\"text-align: justify;\"><span style=\"color: #ffffff;\">Wenn Sie in guter k\u00f6rperlicher und seelischer Verfassung sind und Erfahrung mit der Arbeit in Tunneln und mit anderen Bauarbeiten haben, laden wir Sie ein, sich uns anzuschlie\u00dfen. Das Verst\u00e4ndnis der deutschen Sprache ist ein Vorteil.<\/span><\/p>\n<\/div><div class=\"fusion-title title fusion-title-4 fusion-sep-none fusion-title-text fusion-title-size-two\" style=\"--awb-text-color:#ffffff;--awb-margin-top:5%;--awb-font-size:58px;\"><h2 class=\"fusion-title-heading title-heading-left fusion-responsive-typography-calculated\" style=\"margin:0;font-size:1em;--fontSize:58;line-height:1.28;\">Arbeit im elektrischen Bereich<\/h2><\/div><div class=\"fusion-text fusion-text-4 fusion-text-no-margin\" style=\"--awb-margin-bottom:5%;\"><p style=\"text-align: justify;\"><span style=\"color: #ffffff;\">Wenn Sie \u00fcber Berufserfahrung im Bereich Elektromontage und Installationen verf\u00fcgen und zuverl\u00e4ssig bei Ihrer Arbeit sind, laden wir Sie ein, Teil unseres Teams zu werden. Das Verst\u00e4ndnis der deutschen Sprache ist ein Vorteil. <\/span><\/p>\n<\/div><\/div><\/div><\/div><\/div><\/p>\n","protected":false},"excerpt":{"rendered":"","protected":false},"author":1,"featured_media":0,"parent":0,"menu_order":0,"comment_status":"closed","ping_status":"closed","template":"100-width.php","meta":{"footnotes":""},"class_list":["post-4387","page","type-page","status-publish","hentry"],"publishpress_future_action":{"enabled":false,"date":"2026-04-12 17:24:29","action":"change-status","newStatus":"draft","terms":[],"taxonomy":"translation_priority","extraData":[]},"publishpress_future_workflow_manual_trigger":{"enabledWorkflows":[]},"_links":{"self":[{"href":"https:\/\/amomont.si\/de\/wp-json\/wp\/v2\/pages\/4387","targetHints":{"allow":["GET"]}}],"collection":[{"href":"https:\/\/amomont.si\/de\/wp-json\/wp\/v2\/pages"}],"about":[{"href":"https:\/\/amomont.si\/de\/wp-json\/wp\/v2\/types\/page"}],"author":[{"embeddable":true,"href":"https:\/\/amomont.si\/de\/wp-json\/wp\/v2\/users\/1"}],"replies":[{"embeddable":true,"href":"https:\/\/amomont.si\/de\/wp-json\/wp\/v2\/comments?post=4387"}],"version-history":[{"count":18,"href":"https:\/\/amomont.si\/de\/wp-json\/wp\/v2\/pages\/4387\/revisions"}],"predecessor-version":[{"id":5040,"href":"https:\/\/amomont.si\/de\/wp-json\/wp\/v2\/pages\/4387\/revisions\/5040"}],"wp:attachment":[{"href":"https:\/\/amomont.si\/de\/wp-json\/wp\/v2\/media?parent=4387"}],"curies":[{"name":"wp","href":"https:\/\/api.w.org\/{rel}","templated":true}]}}