{"id":4426,"date":"2021-08-16T12:06:29","date_gmt":"2021-08-16T12:06:29","guid":{"rendered":"https:\/\/amomont.si\/sbt-2-1-froeschnitzgraben\/"},"modified":"2021-08-16T12:08:58","modified_gmt":"2021-08-16T12:08:58","slug":"sbt-2-1-froeschnitzgraben","status":"publish","type":"page","link":"https:\/\/amomont.si\/de\/sbt-2-1-froeschnitzgraben\/","title":{"rendered":"SBT 2.1. Fr\u00f6schnitzgraben"},"content":{"rendered":"<div class=\"fusion-fullwidth fullwidth-box fusion-builder-row-1 fusion-flex-container nonhundred-percent-fullwidth non-hundred-percent-height-scrolling\" style=\"--awb-border-radius-top-left:0px;--awb-border-radius-top-right:0px;--awb-border-radius-bottom-right:0px;--awb-border-radius-bottom-left:0px;--awb-flex-wrap:wrap;\" ><div class=\"fusion-builder-row fusion-row fusion-flex-align-items-flex-start fusion-flex-content-wrap\" style=\"max-width:1378;margin-left: calc(-4% \/ 2 );margin-right: calc(-4% \/ 2 );\"><div class=\"fusion-layout-column fusion_builder_column fusion-builder-column-0 fusion_builder_column_1_1 1_1 fusion-flex-column\" style=\"--awb-bg-size:cover;--awb-width-large:100%;--awb-margin-top-large:0px;--awb-spacing-right-large:1.92%;--awb-margin-bottom-large:20px;--awb-spacing-left-large:1.92%;--awb-width-medium:100%;--awb-order-medium:0;--awb-spacing-right-medium:1.92%;--awb-spacing-left-medium:1.92%;--awb-width-small:100%;--awb-order-small:0;--awb-spacing-right-small:1.92%;--awb-spacing-left-small:1.92%;\"><div class=\"fusion-column-wrapper fusion-column-has-shadow fusion-flex-justify-content-flex-start fusion-content-layout-column\"><div class=\"fusion-title title fusion-title-1 fusion-sep-none fusion-title-text fusion-title-size-two\" style=\"--awb-font-size:50px;\"><h2 class=\"fusion-title-heading title-heading-left fusion-responsive-typography-calculated\" style=\"margin:0;font-size:1em;--fontSize:50;line-height:1.28;\">SBT 2.1. Fr\u00f6schnitzgraben<\/h2><\/div><\/div><\/div><div class=\"fusion-layout-column fusion_builder_column fusion-builder-column-1 fusion_builder_column_1_2 1_2 fusion-flex-column\" style=\"--awb-bg-size:cover;--awb-width-large:50%;--awb-margin-top-large:0px;--awb-spacing-right-large:3.84%;--awb-margin-bottom-large:0px;--awb-spacing-left-large:3.84%;--awb-width-medium:100%;--awb-spacing-right-medium:1.92%;--awb-spacing-left-medium:1.92%;--awb-width-small:100%;--awb-spacing-right-small:1.92%;--awb-spacing-left-small:1.92%;\"><div class=\"fusion-column-wrapper fusion-flex-justify-content-flex-start fusion-content-layout-column\"><div class=\"fusion-text fusion-text-1\"><p>Auftraggeber: \u00d6sterreichische Bundesbahnen AG (\u00d6BB)<\/p>\n<p>Auftragnehmer: ARGE \/ JV<\/p>\n<p>Swietelsky \u2013 Implenia<\/p>\n<p>Basistunnel Semmering \u2013 Pilotpunkt 2.1<\/p>\n<ul>\n<li>Sch\u00e4chte Fr\u00f6schnitz 1 und 2 mit einer Tiefe von mehr als 400 m und Durchmesser von 11 m bzw. 8,5 m<\/li>\n<li>Betriebs- und L\u00fcftungsgeb\u00e4ude Fr\u00f6schnitzgraben<\/li>\n<li>Zwei <span class=\"\">kontinuierliche <\/span>Baugrubenfronten (inklusive einer Kaverne), ca. 8,6 km bergab in Richtung Gloggnitz<\/li>\n<li>Zwei zyklische Baugrubenfronten, ca. 4,3 km weiter in Richtung M\u00fcrzzuschlag<\/li>\n<li>26 Querbalken (Notausg\u00e4nge)<\/li>\n<li>Abstellnische in der L\u00e4nge von ca. 1 km <\/li>\n<li>Aushubmaterial von 4,4 Mio. m\u00b3 <\/li>\n<\/ul>\n<\/div><\/div><\/div><div class=\"fusion-layout-column fusion_builder_column fusion-builder-column-2 fusion_builder_column_1_2 1_2 fusion-flex-column\" style=\"--awb-bg-size:cover;--awb-width-large:50%;--awb-margin-top-large:0px;--awb-spacing-right-large:3.84%;--awb-margin-bottom-large:0px;--awb-spacing-left-large:3.84%;--awb-width-medium:100%;--awb-spacing-right-medium:1.92%;--awb-spacing-left-medium:1.92%;--awb-width-small:100%;--awb-spacing-right-small:1.92%;--awb-spacing-left-small:1.92%;\"><div class=\"fusion-column-wrapper fusion-flex-justify-content-flex-start fusion-content-layout-column\"><div class=\"awb-gallery-wrapper awb-gallery-wrapper-1 button-span-no\"><div style=\"margin:-5px;--awb-bordersize:0px;\" class=\"fusion-gallery fusion-gallery-container fusion-grid-2 fusion-columns-total-3 fusion-gallery-layout-masonry fusion-gallery-1\"><div class=\"fusion-grid-column fusion-gallery-column fusion-gallery-column-2 hover-type-none fusion-grid-sizer\"><\/div><div style=\"padding:5px;\" class=\"fusion-grid-column fusion-gallery-column fusion-gallery-column-2 hover-type-none fusion-element-landscape\"><div class=\"fusion-gallery-image\"><a href=\"https:\/\/amomont.si\/wp-content\/uploads\/2021\/08\/froschnitz1.jpg\" rel=\"noreferrer\" data-rel=\"iLightbox[gallery_image_1]\" class=\"fusion-lightbox\" target=\"_self\"><div style=\"background-image:url(https:\/\/amomont.si\/wp-content\/uploads\/2021\/08\/froschnitz1.jpg);padding-top:calc((100% + 10px) * 0.4 - 5px);background-position:;\" class=\"fusion-masonry-element-container\"><img decoding=\"async\" src=\"https:\/\/amomont.si\/wp-content\/uploads\/2021\/08\/froschnitz1.jpg\" width=\"1650\" height=\"926\" alt=\"\" title=\"froschnitz1\" aria-label=\"froschnitz1\" class=\"img-responsive wp-image-4114\" srcset=\"https:\/\/amomont.si\/wp-content\/uploads\/2021\/08\/froschnitz1-200x112.jpg 200w, https:\/\/amomont.si\/wp-content\/uploads\/2021\/08\/froschnitz1-400x224.jpg 400w, https:\/\/amomont.si\/wp-content\/uploads\/2021\/08\/froschnitz1-600x337.jpg 600w, https:\/\/amomont.si\/wp-content\/uploads\/2021\/08\/froschnitz1-800x449.jpg 800w, https:\/\/amomont.si\/wp-content\/uploads\/2021\/08\/froschnitz1-1200x673.jpg 1200w, https:\/\/amomont.si\/wp-content\/uploads\/2021\/08\/froschnitz1.jpg 1650w\" sizes=\"(min-width: 2200px) 100vw, (min-width: 640px) 1325px, \" \/><\/div><\/a><\/div><\/div><div style=\"padding:5px;\" class=\"fusion-grid-column fusion-gallery-column fusion-gallery-column-2 hover-type-none fusion-element-grid\"><div class=\"fusion-gallery-image\"><a href=\"https:\/\/amomont.si\/wp-content\/uploads\/2021\/08\/froschnitz3.jpg\" rel=\"noreferrer\" data-rel=\"iLightbox[gallery_image_1]\" class=\"fusion-lightbox\" target=\"_self\"><div style=\"background-image:url(https:\/\/amomont.si\/wp-content\/uploads\/2021\/08\/froschnitz3.jpg);padding-top:calc((100% + 10px) * 0.8 - 5px);background-position:;\" class=\"fusion-masonry-element-container\"><img decoding=\"async\" src=\"https:\/\/amomont.si\/wp-content\/uploads\/2021\/08\/froschnitz3.jpg\" width=\"619\" height=\"925\" alt=\"\" title=\"froschnitz3\" aria-label=\"froschnitz3\" class=\"img-responsive wp-image-4122\" srcset=\"https:\/\/amomont.si\/wp-content\/uploads\/2021\/08\/froschnitz3-200x299.jpg 200w, https:\/\/amomont.si\/wp-content\/uploads\/2021\/08\/froschnitz3-400x598.jpg 400w, https:\/\/amomont.si\/wp-content\/uploads\/2021\/08\/froschnitz3-600x897.jpg 600w, https:\/\/amomont.si\/wp-content\/uploads\/2021\/08\/froschnitz3.jpg 619w\" sizes=\"(min-width: 2200px) 100vw, (min-width: 742px) 660px, (min-width: 640px) 742px, \" \/><\/div><\/a><\/div><\/div><div style=\"padding:5px;\" class=\"fusion-grid-column fusion-gallery-column fusion-gallery-column-2 hover-type-none fusion-element-grid\"><div class=\"fusion-gallery-image\"><a href=\"https:\/\/amomont.si\/wp-content\/uploads\/2021\/08\/froschnitz2.png\" rel=\"noreferrer\" data-rel=\"iLightbox[gallery_image_1]\" class=\"fusion-lightbox\" target=\"_self\"><div style=\"background-image:url(https:\/\/amomont.si\/wp-content\/uploads\/2021\/08\/froschnitz2.png);padding-top:calc((100% + 10px) * 0.8 - 5px);background-position:;\" class=\"fusion-masonry-element-container\"><img decoding=\"async\" src=\"https:\/\/amomont.si\/wp-content\/uploads\/2021\/08\/froschnitz2.png\" width=\"392\" height=\"407\" alt=\"\" title=\"froschnitz2\" aria-label=\"froschnitz2\" class=\"img-responsive wp-image-4118\" srcset=\"https:\/\/amomont.si\/wp-content\/uploads\/2021\/08\/froschnitz2-200x208.png 200w, https:\/\/amomont.si\/wp-content\/uploads\/2021\/08\/froschnitz2.png 392w\" sizes=\"(min-width: 2200px) 100vw, (min-width: 742px) 660px, (min-width: 640px) 742px, \" \/><\/div><\/a><\/div><\/div><\/div><\/div><\/div><\/div><\/div><\/div>\n","protected":false},"excerpt":{"rendered":"","protected":false},"author":1,"featured_media":0,"parent":0,"menu_order":0,"comment_status":"closed","ping_status":"closed","template":"","meta":{"footnotes":""},"class_list":["post-4426","page","type-page","status-publish","hentry"],"publishpress_future_action":{"enabled":false,"date":"2026-05-15 15:39:56","action":"change-status","newStatus":"draft","terms":[],"taxonomy":"translation_priority","extraData":[]},"publishpress_future_workflow_manual_trigger":{"enabledWorkflows":[]},"_links":{"self":[{"href":"https:\/\/amomont.si\/de\/wp-json\/wp\/v2\/pages\/4426","targetHints":{"allow":["GET"]}}],"collection":[{"href":"https:\/\/amomont.si\/de\/wp-json\/wp\/v2\/pages"}],"about":[{"href":"https:\/\/amomont.si\/de\/wp-json\/wp\/v2\/types\/page"}],"author":[{"embeddable":true,"href":"https:\/\/amomont.si\/de\/wp-json\/wp\/v2\/users\/1"}],"replies":[{"embeddable":true,"href":"https:\/\/amomont.si\/de\/wp-json\/wp\/v2\/comments?post=4426"}],"version-history":[{"count":5,"href":"https:\/\/amomont.si\/de\/wp-json\/wp\/v2\/pages\/4426\/revisions"}],"predecessor-version":[{"id":4431,"href":"https:\/\/amomont.si\/de\/wp-json\/wp\/v2\/pages\/4426\/revisions\/4431"}],"wp:attachment":[{"href":"https:\/\/amomont.si\/de\/wp-json\/wp\/v2\/media?parent=4426"}],"curies":[{"name":"wp","href":"https:\/\/api.w.org\/{rel}","templated":true}]}}