{"id":4456,"date":"2021-08-16T12:25:43","date_gmt":"2021-08-16T12:25:43","guid":{"rendered":"https:\/\/amomont.si\/granitztal\/"},"modified":"2021-08-16T12:25:44","modified_gmt":"2021-08-16T12:25:44","slug":"granitztal","status":"publish","type":"page","link":"https:\/\/amomont.si\/de\/granitztal\/","title":{"rendered":"Granitztal"},"content":{"rendered":"<div class=\"fusion-fullwidth fullwidth-box fusion-builder-row-1 fusion-flex-container nonhundred-percent-fullwidth non-hundred-percent-height-scrolling\" style=\"--awb-border-radius-top-left:0px;--awb-border-radius-top-right:0px;--awb-border-radius-bottom-right:0px;--awb-border-radius-bottom-left:0px;--awb-flex-wrap:wrap;\" ><div class=\"fusion-builder-row fusion-row fusion-flex-align-items-flex-start fusion-flex-content-wrap\" style=\"max-width:1378;margin-left: calc(-4% \/ 2 );margin-right: calc(-4% \/ 2 );\"><div class=\"fusion-layout-column fusion_builder_column fusion-builder-column-0 fusion_builder_column_1_1 1_1 fusion-flex-column\" style=\"--awb-bg-size:cover;--awb-width-large:100%;--awb-margin-top-large:0px;--awb-spacing-right-large:1.92%;--awb-margin-bottom-large:20px;--awb-spacing-left-large:1.92%;--awb-width-medium:100%;--awb-order-medium:0;--awb-spacing-right-medium:1.92%;--awb-spacing-left-medium:1.92%;--awb-width-small:100%;--awb-order-small:0;--awb-spacing-right-small:1.92%;--awb-spacing-left-small:1.92%;\"><div class=\"fusion-column-wrapper fusion-column-has-shadow fusion-flex-justify-content-flex-start fusion-content-layout-column\"><div class=\"fusion-title title fusion-title-1 fusion-sep-none fusion-title-text fusion-title-size-two\" style=\"--awb-font-size:50px;\"><h2 class=\"fusion-title-heading title-heading-left fusion-responsive-typography-calculated\" style=\"margin:0;font-size:1em;--fontSize:50;line-height:1.28;\">Tunnelkette Granitztal, BL 50.4, K\u00e4rnten<\/h2><\/div><\/div><\/div><div class=\"fusion-layout-column fusion_builder_column fusion-builder-column-1 fusion_builder_column_1_2 1_2 fusion-flex-column\" style=\"--awb-bg-size:cover;--awb-width-large:50%;--awb-margin-top-large:0px;--awb-spacing-right-large:3.84%;--awb-margin-bottom-large:0px;--awb-spacing-left-large:3.84%;--awb-width-medium:100%;--awb-spacing-right-medium:1.92%;--awb-spacing-left-medium:1.92%;--awb-width-small:100%;--awb-spacing-right-small:1.92%;--awb-spacing-left-small:1.92%;\"><div class=\"fusion-column-wrapper fusion-flex-justify-content-flex-start fusion-content-layout-column\"><div class=\"fusion-text fusion-text-1\"><ul>\n<li><span class=\"\" lang=\"SV\">Tunnelkette Granitztal, BL 50.4, K\u00e4rnten<\/span><\/li>\n<li>Bis 2020 baut HOCHTIEF zusammen mit einem Konsortialpartner die Tunnelkette Granitztal.<\/li>\n<li>Die rund 6 km lange Tunnelkette verl\u00e4uft als Teil der Koralmbahn zwischen Lavanttal und Jauntal.<\/li>\n<li>Sie besteht aus:\n<ul>\n<li>Deutsch-Grutschen-Tunnel (2,6 km)<\/li>\n<li>eingez\u00e4untes Gel\u00e4nde Granitztal (0,6 km)<\/li>\n<li>Langer Berg Tunnel (2,9 km)<\/li>\n<\/ul>\n<\/li>\n<\/ul>\n<p>\u00c4hnlich wie der Koralmtunnel ist die Tunnelkette auch als zweir\u00f6hriges Tunnelsystem konzipiert. Im Bereich Granitztal wird die Bahnstrecke in offener Bauweise errichtet. In der letzten Phase werden die Tunnel abgedeckt <span class=\"\" lang=\"IT\">und das Gel\u00e4nde der Landschaft nachempfunden<\/span>. Zuk\u00fcnftig wird hier eine L\u00fcftungszentrale mit Notausgang und Rettungsbereich installiert. Granitzbach \u00fcberquert eine geschlossene Tunnelbr\u00fccke. Das Nordportal der Tunnelkette befindet sich im Lavanttal im Bereich eines aufgelassenen Steinbruchs. Das S\u00fcdportal befindet sich zwischen dem Ort Eis und St. Radegund im Jauntal.<\/p>\n<\/div><\/div><\/div><div class=\"fusion-layout-column fusion_builder_column fusion-builder-column-2 fusion_builder_column_1_2 1_2 fusion-flex-column\" style=\"--awb-bg-size:cover;--awb-width-large:50%;--awb-margin-top-large:0px;--awb-spacing-right-large:3.84%;--awb-margin-bottom-large:0px;--awb-spacing-left-large:3.84%;--awb-width-medium:100%;--awb-spacing-right-medium:1.92%;--awb-spacing-left-medium:1.92%;--awb-width-small:100%;--awb-spacing-right-small:1.92%;--awb-spacing-left-small:1.92%;\"><div class=\"fusion-column-wrapper fusion-flex-justify-content-flex-start fusion-content-layout-column\"><div class=\"fusion-text fusion-text-2\"><ul>\n<li>Auftraggeber: \u00d6BB Infrastruktur AG<\/li>\n<li>Auftragnehmer: Arge Implenia \u00d6sterreich \u2013 HOCHTIEF Infrastructure Austria<\/li>\n<li>Bauzeit: 2015 \u2013 2020<\/li>\n<li>Gesamtwert des Projekts (netto): ca. 140 Mio. EUR (davon 50% HOCHTIEF)  <\/li>\n<li>Technische Daten:<\/li>\n<li>Tunnel Langer Berg: 2,9 km, N\u00d6T<\/li>\n<li>Einhausung Granitztal: 0,6 km, offene Bauweise<\/li>\n<li>Tunnel Deutsch Grutschen: 2,6 km, N\u00d6T<\/li>\n<li>Freie Strecke: ca. 300 m <\/li>\n<li>Tunnelbr\u00fccke: ca. 15 m <\/li>\n<li>Gesamtl\u00e4nge: 6.106 m<\/li>\n<li>Ausf\u00fchrung: zwei einspurige R\u00f6hren<\/li>\n<li>Aushubmassen: ca. 1,3 Mio. m\u00b3, davon wieder eingebaut: ca. 800 000 m\u00b3<\/li>\n<\/ul>\n<\/div><\/div><\/div><div class=\"fusion-layout-column fusion_builder_column fusion-builder-column-3 fusion_builder_column_1_1 1_1 fusion-flex-column\" style=\"--awb-bg-size:cover;--awb-width-large:100%;--awb-margin-top-large:0px;--awb-spacing-right-large:1.92%;--awb-margin-bottom-large:20px;--awb-spacing-left-large:1.92%;--awb-width-medium:100%;--awb-order-medium:0;--awb-spacing-right-medium:1.92%;--awb-spacing-left-medium:1.92%;--awb-width-small:100%;--awb-order-small:0;--awb-spacing-right-small:1.92%;--awb-spacing-left-small:1.92%;\"><div class=\"fusion-column-wrapper fusion-column-has-shadow fusion-flex-justify-content-flex-start fusion-content-layout-column\"><div class=\"fusion-image-element \" style=\"text-align:center;--awb-caption-title-font-family:var(--h2_typography-font-family);--awb-caption-title-font-weight:var(--h2_typography-font-weight);--awb-caption-title-font-style:var(--h2_typography-font-style);--awb-caption-title-size:var(--h2_typography-font-size);--awb-caption-title-transform:var(--h2_typography-text-transform);--awb-caption-title-line-height:var(--h2_typography-line-height);--awb-caption-title-letter-spacing:var(--h2_typography-letter-spacing);\"><span class=\" fusion-imageframe imageframe-none imageframe-1 hover-type-none\"><img decoding=\"async\" width=\"1180\" height=\"179\" alt=\"granitztal\" title=\"granitztal\" src=\"https:\/\/amomont.si\/wp-content\/uploads\/2021\/08\/granitztal.png\" class=\"img-responsive wp-image-4256\" srcset=\"https:\/\/amomont.si\/wp-content\/uploads\/2021\/08\/granitztal-200x30.png 200w, https:\/\/amomont.si\/wp-content\/uploads\/2021\/08\/granitztal-400x61.png 400w, https:\/\/amomont.si\/wp-content\/uploads\/2021\/08\/granitztal-600x91.png 600w, https:\/\/amomont.si\/wp-content\/uploads\/2021\/08\/granitztal-800x121.png 800w, https:\/\/amomont.si\/wp-content\/uploads\/2021\/08\/granitztal.png 1180w\" sizes=\"(max-width: 1024px) 100vw, (max-width: 800px) 100vw, 1180px\" \/><\/span><\/div><\/div><\/div><\/div><\/div>\n","protected":false},"excerpt":{"rendered":"","protected":false},"author":1,"featured_media":0,"parent":0,"menu_order":0,"comment_status":"closed","ping_status":"closed","template":"","meta":{"footnotes":""},"class_list":["post-4456","page","type-page","status-publish","hentry"],"publishpress_future_action":{"enabled":false,"date":"2026-05-15 15:35:24","action":"change-status","newStatus":"draft","terms":[],"taxonomy":"translation_priority","extraData":[]},"publishpress_future_workflow_manual_trigger":{"enabledWorkflows":[]},"_links":{"self":[{"href":"https:\/\/amomont.si\/de\/wp-json\/wp\/v2\/pages\/4456","targetHints":{"allow":["GET"]}}],"collection":[{"href":"https:\/\/amomont.si\/de\/wp-json\/wp\/v2\/pages"}],"about":[{"href":"https:\/\/amomont.si\/de\/wp-json\/wp\/v2\/types\/page"}],"author":[{"embeddable":true,"href":"https:\/\/amomont.si\/de\/wp-json\/wp\/v2\/users\/1"}],"replies":[{"embeddable":true,"href":"https:\/\/amomont.si\/de\/wp-json\/wp\/v2\/comments?post=4456"}],"version-history":[{"count":6,"href":"https:\/\/amomont.si\/de\/wp-json\/wp\/v2\/pages\/4456\/revisions"}],"predecessor-version":[{"id":4462,"href":"https:\/\/amomont.si\/de\/wp-json\/wp\/v2\/pages\/4456\/revisions\/4462"}],"wp:attachment":[{"href":"https:\/\/amomont.si\/de\/wp-json\/wp\/v2\/media?parent=4456"}],"curies":[{"name":"wp","href":"https:\/\/api.w.org\/{rel}","templated":true}]}}