{"id":4863,"date":"2021-08-23T15:41:15","date_gmt":"2021-08-23T15:41:15","guid":{"rendered":"https:\/\/amomont.si\/linz-a26-2\/"},"modified":"2021-08-23T15:41:16","modified_gmt":"2021-08-23T15:41:16","slug":"linz-a26-2","status":"publish","type":"page","link":"https:\/\/amomont.si\/hr\/linz-a26-2\/","title":{"rendered":"LINZ A26"},"content":{"rendered":"<div class=\"fusion-fullwidth fullwidth-box fusion-builder-row-1 fusion-flex-container nonhundred-percent-fullwidth non-hundred-percent-height-scrolling\" style=\"--awb-border-radius-top-left:0px;--awb-border-radius-top-right:0px;--awb-border-radius-bottom-right:0px;--awb-border-radius-bottom-left:0px;--awb-flex-wrap:wrap;\" ><div class=\"fusion-builder-row fusion-row fusion-flex-align-items-flex-start fusion-flex-content-wrap\" style=\"max-width:1378;margin-left: calc(-4% \/ 2 );margin-right: calc(-4% \/ 2 );\"><div class=\"fusion-layout-column fusion_builder_column fusion-builder-column-0 fusion_builder_column_1_1 1_1 fusion-flex-column\" style=\"--awb-bg-size:cover;--awb-width-large:100%;--awb-margin-top-large:0px;--awb-spacing-right-large:1.92%;--awb-margin-bottom-large:20px;--awb-spacing-left-large:1.92%;--awb-width-medium:100%;--awb-order-medium:0;--awb-spacing-right-medium:1.92%;--awb-spacing-left-medium:1.92%;--awb-width-small:100%;--awb-order-small:0;--awb-spacing-right-small:1.92%;--awb-spacing-left-small:1.92%;\"><div class=\"fusion-column-wrapper fusion-column-has-shadow fusion-flex-justify-content-flex-start fusion-content-layout-column\"><div class=\"fusion-title title fusion-title-1 fusion-sep-none fusion-title-text fusion-title-size-two\" style=\"--awb-font-size:50px;\"><h2 class=\"fusion-title-heading title-heading-left fusion-responsive-typography-calculated\" style=\"margin:0;font-size:1em;--fontSize:50;line-height:1.28;\">Linz A26<\/h2><\/div><\/div><\/div><div class=\"fusion-layout-column fusion_builder_column fusion-builder-column-1 fusion_builder_column_1_2 1_2 fusion-flex-column\" style=\"--awb-bg-size:cover;--awb-width-large:50%;--awb-margin-top-large:0px;--awb-spacing-right-large:3.84%;--awb-margin-bottom-large:0px;--awb-spacing-left-large:3.84%;--awb-width-medium:100%;--awb-spacing-right-medium:1.92%;--awb-spacing-left-medium:1.92%;--awb-width-small:100%;--awb-spacing-right-small:1.92%;--awb-spacing-left-small:1.92%;\"><div class=\"fusion-column-wrapper fusion-flex-justify-content-flex-start fusion-content-layout-column\"><div class=\"fusion-text fusion-text-1\"><ul>\n<li>Izgradnja autoceste odvijat \u0107e se u tri faze:<\/li>\n<li>Dunavski most<\/li>\n<li>Tunel Freinberg (s priklju\u010dkom na K\u00e4rntner Stra\u00dfe \/ glavni \u017eeljezni\u010dki kolodvor) i podzemni put Waldeggstra\u00dfe<\/li>\n<li>Nova izgradnja zapadnog mosta i zatvaranje udaljenosti do autoceste M\u00fchlkreis (A7)<\/li>\n<li>Prva faza izgradnje uklju\u010duje \u010detvrti prijelaz Dunava u Linzu koji se prote\u017ee vi\u0161e od 325 metara izme\u0111u Freinberga i rezervata prirode Urfahrw\u00e4nd. Most vodi izravno u tunel s obje strane. Druga faza izgradnje uklju\u010duje tunel Freinberg dug 3,2 kilometra od Dunava do glavne \u017eeljezni\u010dke stanice, kao i podzemnu trasu (izgra\u0111enu metodom cut-and-cover) umjesto dana\u0161nje Waldeggstrasse. U tre\u0107oj fazi izgradnje potrebno je obnoviti Zapadni most preko Westbahna s priklju\u010dkom na autocestu A7 M\u00fchlkreis i \u010dvor Unionstra\u00dfe.   <\/li>\n<li>Raspored faza izgradnje je od listopada 2017. (prema ASFINAG-u) kako slijedi: [1]<\/li>\n<li>Pripremni radovi za most na Dunavu: po\u010detak izgradnje u ljeto 2017. do 2018. godine<\/li>\n<li>Dunavski most: po\u010detak izgradnje 2019. do 2023. godine<\/li>\n<li>Tunel Freinberg: po\u010detak izgradnje 2024. do 2028. godine<\/li>\n<li>Nova izgradnja zapadnog mosta i zatvaranje praznine do autoceste M\u00fchlkreis: po\u010detak izgradnje 2029. do 2031. godine<\/li>\n<\/ul>\n<\/div><\/div><\/div><div class=\"fusion-layout-column fusion_builder_column fusion-builder-column-2 fusion_builder_column_1_2 1_2 fusion-flex-column\" style=\"--awb-bg-size:cover;--awb-width-large:50%;--awb-margin-top-large:0px;--awb-spacing-right-large:3.84%;--awb-margin-bottom-large:0px;--awb-spacing-left-large:3.84%;--awb-width-medium:100%;--awb-spacing-right-medium:1.92%;--awb-spacing-left-medium:1.92%;--awb-width-small:100%;--awb-spacing-right-small:1.92%;--awb-spacing-left-small:1.92%;\"><div class=\"fusion-column-wrapper fusion-flex-justify-content-flex-start fusion-content-layout-column\"><div class=\"fusion-image-element \" style=\"text-align:center;--awb-caption-title-font-family:var(--h2_typography-font-family);--awb-caption-title-font-weight:var(--h2_typography-font-weight);--awb-caption-title-font-style:var(--h2_typography-font-style);--awb-caption-title-size:var(--h2_typography-font-size);--awb-caption-title-transform:var(--h2_typography-text-transform);--awb-caption-title-line-height:var(--h2_typography-line-height);--awb-caption-title-letter-spacing:var(--h2_typography-letter-spacing);\"><span class=\" fusion-imageframe imageframe-none imageframe-1 hover-type-none\"><img decoding=\"async\" width=\"1531\" height=\"2040\" alt=\"linz-a26\" title=\"linz-a26\" src=\"https:\/\/amomont.si\/wp-content\/uploads\/2021\/08\/linz-a26.jpg\" class=\"img-responsive wp-image-4246\" srcset=\"https:\/\/amomont.si\/wp-content\/uploads\/2021\/08\/linz-a26-200x266.jpg 200w, https:\/\/amomont.si\/wp-content\/uploads\/2021\/08\/linz-a26-400x533.jpg 400w, https:\/\/amomont.si\/wp-content\/uploads\/2021\/08\/linz-a26-600x799.jpg 600w, https:\/\/amomont.si\/wp-content\/uploads\/2021\/08\/linz-a26-800x1066.jpg 800w, https:\/\/amomont.si\/wp-content\/uploads\/2021\/08\/linz-a26-1200x1599.jpg 1200w, https:\/\/amomont.si\/wp-content\/uploads\/2021\/08\/linz-a26.jpg 1531w\" sizes=\"(max-width: 1024px) 100vw, (max-width: 800px) 100vw, 800px\" \/><\/span><\/div><\/div><\/div><\/div><\/div>\n","protected":false},"excerpt":{"rendered":"","protected":false},"author":1,"featured_media":0,"parent":0,"menu_order":0,"comment_status":"closed","ping_status":"closed","template":"","meta":{"footnotes":""},"class_list":["post-4863","page","type-page","status-publish","hentry"],"publishpress_future_action":{"enabled":false,"date":"2026-04-12 17:26:12","action":"change-status","newStatus":"draft","terms":[],"taxonomy":"translation_priority","extraData":[]},"publishpress_future_workflow_manual_trigger":{"enabledWorkflows":[]},"_links":{"self":[{"href":"https:\/\/amomont.si\/hr\/wp-json\/wp\/v2\/pages\/4863","targetHints":{"allow":["GET"]}}],"collection":[{"href":"https:\/\/amomont.si\/hr\/wp-json\/wp\/v2\/pages"}],"about":[{"href":"https:\/\/amomont.si\/hr\/wp-json\/wp\/v2\/types\/page"}],"author":[{"embeddable":true,"href":"https:\/\/amomont.si\/hr\/wp-json\/wp\/v2\/users\/1"}],"replies":[{"embeddable":true,"href":"https:\/\/amomont.si\/hr\/wp-json\/wp\/v2\/comments?post=4863"}],"version-history":[{"count":6,"href":"https:\/\/amomont.si\/hr\/wp-json\/wp\/v2\/pages\/4863\/revisions"}],"predecessor-version":[{"id":4869,"href":"https:\/\/amomont.si\/hr\/wp-json\/wp\/v2\/pages\/4863\/revisions\/4869"}],"wp:attachment":[{"href":"https:\/\/amomont.si\/hr\/wp-json\/wp\/v2\/media?parent=4863"}],"curies":[{"name":"wp","href":"https:\/\/api.w.org\/{rel}","templated":true}]}}